{"id":6257,"date":"2025-03-26T11:46:12","date_gmt":"2025-03-26T10:46:12","guid":{"rendered":"https:\/\/extended.alpenbrevet.ch\/legends-2024\/"},"modified":"2025-03-28T14:38:10","modified_gmt":"2025-03-28T13:38:10","slug":"legends-2024","status":"publish","type":"page","link":"https:\/\/extended.alpenbrevet.ch\/en\/legends-2024\/","title":{"rendered":"Legends 2024"},"content":{"rendered":"\n<div class=\"intro-section page-section style-default layout-default align-default with-content\">\n\t<div class=\"section-grid grid-layout container\">\n\t\t<div style=\"--grid-layout-index: 1; --col-xs: 12; --col-sm: 12; --col-md: 12; --col-lg: 12; --col-xl: 12\" class=\"section-item layout-default layout-margin-default\">\n\t\t\t<div class=\"intro-background-title\" data-content=\"2024\">2024<\/div>\n\t\t\t<div class=\"intro-title-wrapper\">\n\t\t\t\t<h1 class=\"intro-title\">Legends<\/h1>\n\t\t\t<\/div>\n\t\t\t<div class=\"intro-content lead-text\">\n\t\t\t\t<p>If you have mastered all 7 Alpenbrevet passes, you will receive a unique Alpenbrevet Legend start number sent to your home. This commemorative gift is an emotional addition to your trophy collection at home.<\/p>\n\n\t\t\t<\/div>\n\t\t<\/div>\n\t<\/div>\n<\/div>\n\n<div  class=\"page-section style-default layout-default align-default\">\n\t<div class=\"section-grid grid-layout container\"><div  style=\"--grid-layout-index: 1\" class=\"section-item layout-default layout-margin-default\">\n<table style=\"width:100%; text-align:left;\">\n  <tr>\n    <td>Hans Kunz<\/td>\n    <td>Patrik Hug<\/td>\n    <td>Patrick Burki<\/td>\n  <\/tr>\n  <tr>\n    <td>Urs Lienberger<\/td>\n    <td>Alex Caballero<\/td>\n    <td>Nick De Marco<\/td>\n  <\/tr>\n  <tr>\n    <td>Silvan Pl\u00fcss<\/td>\n    <td>Lucas Klaassen<\/td>\n    <td>Leonie Eisebraun<\/td>\n  <\/tr>\n  <tr>\n    <td>Jimmy Hunziker<\/td>\n    <td>Thomas Bowles<\/td>\n    <td>Alexander Rauscher<\/td>\n  <\/tr>\n  <tr>\n    <td>Teresa Ranft<\/td>\n    <td>Pascal Graber<\/td>\n    <td>gian maria togni &#8211; \ud83c\udfc3\ud83c\udffb \ud83d\udeb4\ud83c\udffc \ud83e\uddd7\ud83c\udffb\u200d\u2642\ufe0f\ud83c\udde8\ud83c\udded\ud83c\udfd4<\/td>\n  <\/tr>\n  <tr>\n    <td>Felicia Bircher<\/td>\n    <td>Arpad Balogh<\/td>\n    <td>emmanuel mercereau<\/td>\n  <\/tr>\n  <tr>\n    <td>Selina Metzger<\/td>\n    <td>Sebastian Kos<\/td>\n    <td>Kay Arnold<\/td>\n  <\/tr>\n  <tr>\n    <td>Pascal Gisler<\/td>\n    <td>Samuel Th\u00fcr<\/td>\n    <td>Stefan Langenauer<\/td>\n  <\/tr>\n  <tr>\n    <td>Fabian Aeschimann<\/td>\n    <td>Dominic Krummenacher<\/td>\n    <td>Stefan Jossen<\/td>\n  <\/tr>\n  <tr>\n    <td>Silvia Thiessen<\/td>\n    <td>Daniel Schlienger<\/td>\n    <td>Anna Minutella<\/td>\n  <\/tr>\n  <tr>\n    <td>Clemens Herfarth<\/td>\n    <td>Jessi P<\/td>\n    <td>Leo Kunz<\/td>\n  <\/tr>\n  <tr>\n    <td>Valentin Gabele<\/td>\n    <td>Matze M<\/td>\n    <td>Andreas Engler<\/td>\n  <\/tr>\n  <tr>\n    <td>Roman Dax<\/td>\n    <td>Adi Straub<\/td>\n    <td>Marcel Baumann<\/td>\n  <\/tr>\n  <tr>\n    <td>Robert Studer<\/td>\n    <td>Sven Krause<\/td>\n    <td>Botond Kov\u00e1cs-N\u00fcszl<\/td>\n  <\/tr>\n  <tr>\n    <td>Thomas von K\u00e4nel<\/td>\n    <td>Jan-Christoph M\u00fcnch<\/td>\n    <td>Lars Fankhauser<\/td>\n  <\/tr>\n  <tr>\n    <td>Marion B\u00fcnger<\/td>\n    <td>Ansel Schirmer<\/td>\n    <td>Liv Ane Wyrsch<\/td>\n  <\/tr>\n  <tr>\n    <td>Fulvio Avallone<\/td>\n    <td>Werner Weber<\/td>\n    <td>Simone Ch.<\/td>\n  <\/tr>\n  <tr>\n    <td>Armin Schneider<\/td>\n    <td>Mirko Fuchs<\/td>\n    <td>Karin Schmid<\/td>\n  <\/tr>\n  <tr>\n    <td>Max Jacobi<\/td>\n    <td>Frank Quedenfeld<\/td>\n    <td>Dusty Draper<\/td>\n  <\/tr>\n  <tr>\n    <td>Martina Staub Hasler<\/td>\n    <td>Pascal Caputo<\/td>\n    <td>Lorena Gregorio<\/td>\n  <\/tr>\n  <tr>\n    <td>Tobias Baruffol<\/td>\n    <td>Stephan Fr\u00f6hlicher<\/td>\n    <td>Markus Willimann<\/td>\n  <\/tr>\n  <tr>\n    <td>Maximilian Warhanek<\/td>\n    <td>Guido Hoss<\/td>\n    <td>Rolf B\u00fcrgi<\/td>\n  <\/tr>\n  <tr>\n    <td>Roman Grischott<\/td>\n    <td>Andreas S.<\/td>\n    <td>Roman Ror<\/td>\n  <\/tr>\n  <tr>\n    <td>Gregory Narmont<\/td>\n    <td>\u0160t\u011bp\u00e1n Bure\u0161<\/td>\n    <td>Jan Swiatek<\/td>\n  <\/tr>\n  <tr>\n    <td>Markus Trummer<\/td>\n    <td>Sales Danioth<\/td>\n    <td>C. Zickla<\/td>\n  <\/tr>\n  <tr>\n    <td>Der Klapprider<\/td>\n    <td>Ondrej A<\/td>\n    <td>Hubert Heckel<\/td>\n  <\/tr>\n  <tr>\n    <td>Alex Kamber<\/td>\n    <td>Ernst von K\u00e4nel<\/td>\n    <td>Philipp Manser<\/td>\n  <\/tr>\n  <tr>\n    <td>Maria Volkmann<\/td>\n    <td>Hannes Walpen<\/td>\n    <td>Raphael B\u00f6ni | Trek Manna<\/td>\n  <\/tr>\n  <tr>\n    <td>Alexander A.<\/td>\n    <td>Uwe Zaugg<\/td>\n    <td>Samir A.<\/td>\n  <\/tr>\n  <tr>\n    <td>Lena Maria Theiler<\/td>\n    <td>Pascal Birbaum<\/td>\n    <td>Hans-Michel Steiner<\/td>\n  <\/tr>\n  <tr>\n    <td>Michael H\u00e4chler<\/td>\n    <td>Stefan Guggisberg<\/td>\n    <td>Roger Frei<\/td>\n  <\/tr>\n  <tr>\n    <td>Pius E<\/td>\n    <td>Michael Segessenmann<\/td>\n    <td>Alfred Neff<\/td>\n  <\/tr>\n  <tr>\n    <td>Jonas Gruber<\/td>\n    <td>Mischa Gallati<\/td>\n    <td>Ecevit A\u00e7\u0131kg\u00f6z<\/td>\n  <\/tr>\n  <tr>\n    <td>Max30 \/\/ SUPERCIAO<\/td>\n    <td>Simon Glauser<\/td>\n    <td>Lukas Frei<\/td>\n  <\/tr>\n  <tr>\n    <td>Julian Stiefel<\/td>\n    <td>Patrick B\u00fcchi<\/td>\n    <td>Franco Pala<\/td>\n  <\/tr>\n  <tr>\n    <td>Sandro Gubler<\/td>\n    <td>Stefan Bucheli<\/td>\n    <td>Raphael Kennel<\/td>\n  <\/tr>\n  <tr>\n    <td>Martin Geiger<\/td>\n    <td>Andre Spichtig<\/td>\n    <td>Martin Schlagenhauf<\/td>\n  <\/tr>\n  <tr>\n    <td>Christoph Bandhauer<\/td>\n    <td>Julia Bucher<\/td>\n    <td>Anita Serafini<\/td>\n  <\/tr>\n  <tr>\n    <td>Lukas P<\/td>\n    <td>Lorenzo Gaborini<\/td>\n    <td>Martina Rohrer<\/td>\n  <\/tr>\n  <tr>\n    <td>Tobias M<\/td>\n    <td>Raphael Bienz<\/td>\n    <td>Meilin S<\/td>\n  <\/tr>\n  <tr>\n    <td>Sandra Burkhard<\/td>\n    <td>Phu L.<\/td>\n    <td>Bici Cletta<\/td>\n  <\/tr>\n  <tr>\n    <td>Jarek Majchrzak<\/td>\n    <td>Samuel Manser<\/td>\n    <td>Toni Nguyen<\/td>\n  <\/tr>\n  <tr>\n    <td>Miro Faas<\/td>\n    <td>Elizabeth Umnova ZZP<\/td>\n    <td>G\u00fcnther Huber<\/td>\n  <\/tr>\n  <tr>\n    <td>James Zurich \ud83c\udde8\ud83c\udded<\/td>\n    <td>Thomas Fischer<\/td>\n    <td>Michel Frei<\/td>\n  <\/tr>\n  <tr>\n    <td>David Naef<\/td>\n    <td>Kurt Trautmann<\/td>\n    <td>Christian Schmitt<\/td>\n  <\/tr>\n  <tr>\n    <td>Florian B\u00f6ni<\/td>\n    <td>Johannes Emanuel<\/td>\n    <td>Jo Greiff<\/td>\n  <\/tr>\n  <tr>\n    <td>Philipp Steiger<\/td>\n    <td>Ray Butcher<\/td>\n    <td>Tanja Zgraggen<\/td>\n  <\/tr>\n  <tr>\n    <td>Martin W\u00e4lti<\/td>\n    <td>Linda B\u00fcch<\/td>\n    <td>Sebastian Huber<\/td>\n  <\/tr>\n  <tr>\n    <td>Johanna Klumpp<\/td>\n    <td>Jean-Pierre Millius<\/td>\n    <td>Jenny Troxler<\/td>\n  <\/tr>\n  <tr>\n    <td>Mario Juppe<\/td>\n    <td>Rik Meynen<\/td>\n    <td>Oliver Lardon<\/td>\n  <\/tr>\n  <tr>\n    <td>Matthias Rohner<\/td>\n    <td>Stefan H\u00e4feli<\/td>\n    <td>Watt Damon<\/td>\n  <\/tr>\n  <tr>\n    <td>J\u00fcrg Schmidli<\/td>\n    <td>Oscar Schaller<\/td>\n    <td>Michal Staffen<\/td>\n  <\/tr>\n  <tr>\n    <td>Euan Baxter<\/td>\n    <td>Sara Ammann<\/td>\n    <td>Anne Manke<\/td>\n  <\/tr>\n  <tr>\n    <td>Andreas Fitzner<\/td>\n    <td>Sven Maier<\/td>\n    <td>Simon Tannert<\/td>\n  <\/tr>\n  <tr>\n    <td>Aleksandar Vidi\u0107<\/td>\n    <td>Laszlo Demko<\/td>\n    <td>Michael Schneeberger<\/td>\n  <\/tr>\n  <tr>\n    <td>Jochen Kleinschnittger<\/td>\n    <td>Patrick B.<\/td>\n    <td>Martin Sibak<\/td>\n  <\/tr>\n  <tr>\n    <td>Loic Z\u00fcrcher<\/td>\n    <td>Yves Keller<\/td>\n    <td>Cristiano Guerra<\/td>\n  <\/tr>\n  <tr>\n    <td>erich naef<\/td>\n    <td>Felix Schneider<\/td>\n    <td>Ralf Salzer<\/td>\n  <\/tr>\n  <tr>\n    <td>Andreas Wilke<\/td>\n    <td>Roger L\u00fcthi<\/td>\n    <td>Martin Neumeyer<\/td>\n  <\/tr>\n  <tr>\n    <td>Kathrin Gro\u00dfmann<\/td>\n    <td>David Allman<\/td>\n    <td>Toon Meynen<\/td>\n  <\/tr>\n  <tr>\n    <td>Adolfo Prieto | VCC-RT<\/td>\n    <td>Fabian S.<\/td>\n    <td>Michiel De Deken<\/td>\n  <\/tr>\n  <tr>\n    <td>Willy Robert-Tissot<\/td>\n    <td>Nadine Russer<\/td>\n    <td>Marcel Mueller<\/td>\n  <\/tr>\n  <tr>\n    <td>Rea dy<\/td>\n    <td>Sophie S.<\/td>\n    <td>beat baumann<\/td>\n  <\/tr>\n  <tr>\n    <td>Moritz Fahlbusch<\/td>\n    <td>J\u00fcrgen Lefevere<\/td>\n    <td>Roland Gro\u00df<\/td>\n  <\/tr>\n  <tr>\n    <td>Christian Casar<\/td>\n    <td>Michelle Bitzi<\/td>\n    <td>Sonja H.<\/td>\n  <\/tr>\n  <tr>\n    <td>Timon Rathgeb<\/td>\n    <td>Mario Zimmermann<\/td>\n    <td>Michael Vermeulen<\/td>\n  <\/tr>\n  <tr>\n    <td>Stephan Beeler<\/td>\n    <td>Markus Mayer<\/td>\n    <td>Timo Gehring<\/td>\n  <\/tr>\n  <tr>\n    <td>Davide &#8220;ImmunoMan&#8221; Mangani<\/td>\n    <td>Laurens Boeckx<\/td>\n    <td>Hermann Wipfli<\/td>\n  <\/tr>\n  <tr>\n    <td>Vincent Smet<\/td>\n    <td>Jef Engelen<\/td>\n    <td>Baldur Magn\u00fasson<\/td>\n  <\/tr>\n  <tr>\n    <td>Andr\u00e1s Kurucz<\/td>\n    <td>Selgar Henkel-Heinecke<\/td>\n    <td>Sophie Hell<\/td>\n  <\/tr>\n  <tr>\n    <td>Daniel Stocker<\/td>\n    <td>Rik Melis<\/td>\n    <td>Detlev Enkler<\/td>\n  <\/tr>\n  <tr>\n    <td>Michael Vermeulen<\/td>\n    <td>Nicol\u00f2 Mazzucato<\/td>\n    <td>Thomas Schillig<\/td>\n  <\/tr>\n  <tr>\n    <td>Matthias Hofer<\/td>\n    <td>Andreas Wanner<\/td>\n    <td>Thomas Gerber<\/td>\n  <\/tr>\n  <tr>\n    <td>Christian Krensler<\/td>\n    <td>Mar Kus<\/td>\n    <td>Christina Bucher<\/td>\n  <\/tr>\n  <tr>\n    <td>Sandro Zami<\/td>\n    <td>Ilanit Chaidos<\/td>\n    <td>Christoph Arn<\/td>\n  <\/tr>\n  <tr>\n    <td>Tobias Wittig<\/td>\n    <td>Romeo Volken<\/td>\n    <td>Jan Klijn \ud83c\uddf3\ud83c\uddf1\/\ud83c\udde9\ud83c\uddea<\/td>\n  <\/tr>\n  <tr>\n    <td>Niels Hansen<\/td>\n    <td>Sylvia S\u00f6rgel<\/td>\n    <td>francisco fernandes<\/td>\n  <\/tr>\n  <tr>\n    <td>Veronika Rackova<\/td>\n    <td>Thomas F<\/td>\n    <td>Clusch Wismer<\/td>\n  <\/tr>\n  <tr>\n    <td>Simon Art<\/td>\n    <td>Angela McTaggart<\/td>\n    <td>M \ud83d\udeb4\ud83c\udffc\u200d\u2640\ufe0f<\/td>\n  <\/tr>\n  <tr>\n    <td>Ernst Hauser<\/td>\n    <td>Katja Holzer<\/td>\n    <td>Peter Balazs<\/td>\n  <\/tr>\n  <tr>\n    <td>Sven Baumgart<\/td>\n    <td>Yanoam Lasowsky<\/td>\n    <td>Lars Schumann<\/td>\n  <\/tr>\n  <tr>\n    <td>Claudine B<\/td>\n    <td>Michael F<\/td>\n    <td>Ernst R\u00fctter<\/td>\n  <\/tr>\n  <tr>\n    <td>Nici Graswinckel<\/td>\n    <td>Samuel Gebhardt<\/td>\n    <td>Fabio Montagner<\/td>\n  <\/tr>\n  <tr>\n    <td>Stefan Anderhalden<\/td>\n    <td>Ivo Hess<\/td>\n    <td>Andreas Schaffner<\/td>\n  <\/tr>\n  <tr>\n    <td>Kevin Steiner<\/td>\n    <td>Patrick Scholl<\/td>\n    <td>Paul Ahlgrim<\/td>\n  <\/tr>\n  <tr>\n    <td>Felix Pflanzl<\/td>\n    <td>Eibe D\u00fccker<\/td>\n    <td>J\u00e9r\u00f4me S<\/td>\n  <\/tr>\n  <tr>\n    <td>Marek Benes<\/td>\n    <td>Colin Xiao<\/td>\n    <td>Marco Van Schijndel<\/td>\n  <\/tr>\n  <tr>\n    <td>Matthias M\u00fcller<\/td>\n    <td>Patrick Vogt<\/td>\n    <td>Markus Ammann<\/td>\n  <\/tr>\n  <tr>\n    <td>Luigi Salati<\/td>\n    <td>Thomas Hess<\/td>\n    <td>Ernst Hunziker<\/td>\n  <\/tr>\n  <tr>\n    <td>Miroslaw Michalski<\/td>\n    <td>Greg Nagy<\/td>\n    <td>Silvana Heimgartner<\/td>\n  <\/tr>\n  <tr>\n    <td>Ross McEwan<\/td>\n    <td>Willem Lankman<\/td>\n    <td>Carsten S. VELOCIRAPTOR \ud83d\udeb4\ud83c\udffb\ud83e\udd96<\/td>\n  <\/tr>\n  <tr>\n    <td>Karl Kurach<\/td>\n    <td>Theo McNicholas<\/td>\n    <td>Amanda Vernet<\/td>\n  <\/tr>\n  <tr>\n    <td>Silvan Th\u00fcrig<\/td>\n    <td>Urs St\u00e4hli<\/td>\n    <td>Rog Freeman<\/td>\n  <\/tr>\n  <tr>\n    <td>Andy Signer @roadbike.andy<\/td>\n    <td>Gilles Haudenschild<\/td>\n    <td>Tobias Schlegel<\/td>\n  <\/tr>\n  <tr>\n    <td>Michael Weber<\/td>\n    <td>Danny In &#8216;t Ven \u26a1\ufe0fGFTbe<\/td>\n    <td>Maik Ziebold<\/td>\n  <\/tr>\n  <tr>\n    <td>Ruedi Bodenmann<\/td>\n    <td>Sandra L\u00f6ber<\/td>\n    <td>Nigel Atkinson<\/td>\n  <\/tr>\n  <tr>\n    <td>Paul Witte<\/td>\n    <td>Timo K<\/td>\n    <td>Roger Hess<\/td>\n  <\/tr>\n  <tr>\n    <td>Andra\u017e Ko\u0161ir<\/td>\n    <td>Uli M\u00fcnz<\/td>\n    <td>Max H\u00fcrlimann<\/td>\n  <\/tr>\n  <tr>\n    <td>Carlos Torrez<\/td>\n    <td>pascal stauber<\/td>\n    <td>Ivan Martos<\/td>\n  <\/tr>\n  <tr>\n    <td>Bernhard Demmer<\/td>\n    <td>Petra Demmer<\/td>\n    <td>Matthias K\u00fchne<\/td>\n  <\/tr>\n  <tr>\n    <td>Thomas Hauser<\/td>\n    <td>Daniel R\u00fchle<\/td>\n    <td>Pascal Villiger<\/td>\n  <\/tr>\n  <tr>\n    <td>Beat Rupp<\/td>\n    <td>Marco L\u00fcthi<\/td>\n    <td>Andres Liechti<\/td>\n  <\/tr>\n  <tr>\n    <td>Tim Jonathan Grob<\/td>\n    <td>Christine Eggen Schwarz<\/td>\n    <td>Christoph St\u00f6hr<\/td>\n  <\/tr>\n  <tr>\n    <td>Silvio Abgottspon<\/td>\n    <td>Jana Fischer<\/td>\n    <td>Barbara Willener<\/td>\n  <\/tr>\n<\/table><\/div><\/div>\n<\/div>","protected":false},"excerpt":{"rendered":"<p>2024 Legends If you have mastered all 7 Alpenbrevet passes, you will receive a unique Alpenbrevet Legend start number sent to your home. This commemorative gift is an emotional addition to your trophy collection at home. Hans Kunz Patrik Hug Patrick Burki Urs Lienberger Alex Caballero Nick De Marco Silvan Pl\u00fcss Lucas Klaassen Leonie Eisebraun [&hellip;]<\/p>\n","protected":false},"author":2,"featured_media":0,"parent":0,"menu_order":0,"comment_status":"closed","ping_status":"closed","template":"","meta":{"_acf_changed":false,"inline_featured_image":false,"footnotes":""},"class_list":["post-6257","page","type-page","status-publish","hentry"],"acf":[],"_links":{"self":[{"href":"https:\/\/extended.alpenbrevet.ch\/en\/wp-json\/wp\/v2\/pages\/6257","targetHints":{"allow":["GET"]}}],"collection":[{"href":"https:\/\/extended.alpenbrevet.ch\/en\/wp-json\/wp\/v2\/pages"}],"about":[{"href":"https:\/\/extended.alpenbrevet.ch\/en\/wp-json\/wp\/v2\/types\/page"}],"author":[{"embeddable":true,"href":"https:\/\/extended.alpenbrevet.ch\/en\/wp-json\/wp\/v2\/users\/2"}],"replies":[{"embeddable":true,"href":"https:\/\/extended.alpenbrevet.ch\/en\/wp-json\/wp\/v2\/comments?post=6257"}],"version-history":[{"count":1,"href":"https:\/\/extended.alpenbrevet.ch\/en\/wp-json\/wp\/v2\/pages\/6257\/revisions"}],"predecessor-version":[{"id":6258,"href":"https:\/\/extended.alpenbrevet.ch\/en\/wp-json\/wp\/v2\/pages\/6257\/revisions\/6258"}],"wp:attachment":[{"href":"https:\/\/extended.alpenbrevet.ch\/en\/wp-json\/wp\/v2\/media?parent=6257"}],"curies":[{"name":"wp","href":"https:\/\/api.w.org\/{rel}","templated":true}]}}