{"id":6507,"date":"2025-11-10T08:51:07","date_gmt":"2025-11-10T07:51:07","guid":{"rendered":"https:\/\/extended.alpenbrevet.ch\/legends-2024-3\/"},"modified":"2025-11-10T09:34:35","modified_gmt":"2025-11-10T08:34:35","slug":"legends-2025","status":"publish","type":"page","link":"https:\/\/extended.alpenbrevet.ch\/en\/legends-2025\/","title":{"rendered":"Legends 2025"},"content":{"rendered":"\n<div class=\"intro-section page-section style-default layout-default align-default with-content\">\n\t<div class=\"section-grid grid-layout container\">\n\t\t<div style=\"--grid-layout-index: 1; --col-xs: 12; --col-sm: 12; --col-md: 12; --col-lg: 12; --col-xl: 12\" class=\"section-item layout-default layout-margin-default\">\n\t\t\t<div class=\"intro-background-title\" data-content=\"2025\">2025<\/div>\n\t\t\t<div class=\"intro-title-wrapper\">\n\t\t\t\t<h1 class=\"intro-title\">Legends<\/h1>\n\t\t\t<\/div>\n\t\t\t<div class=\"intro-content lead-text\">\n\t\t\t\t<p>If you have mastered all 7 Alpenbrevet passes, you will receive a unique Alpenbrevet Legend start number sent to your home. This commemorative gift is an emotional addition to your trophy collection at home.<\/p>\n\n\t\t\t<\/div>\n\t\t<\/div>\n\t<\/div>\n<\/div>\n\n<div  class=\"page-section style-default layout-default align-default\">\n\t<div class=\"section-grid grid-layout container\"><div  style=\"--grid-layout-index: 1\" class=\"section-item layout-default layout-margin-default\"><style>\n\/* Style for the finisher list container *\/\n.finisher-list-container {\n  display: grid;\n  grid-template-columns: repeat(3, 1fr); \/* Creates three equal columns *\/\n  gap: 15px; \/* Adjusts the space between columns *\/\n  padding: 0;\n  list-style-type: none;\n}\n\n\/* Style for each column *\/\n.finisher-list-column {\n  background-color: transparent; \/* A light background for each column *\/\n  padding: 15px;\n  border: 0px solid #e1e1e1;\n}\n\n\/* Style for each name entry *\/\n.finisher-list-column p {\n    margin: 0 0 10px 0; \/* Adjusts spacing between names *\/\n    font-family: sans-serif; \/* Sets a clean, readable font *\/\n    font-size: 16px;\n}\n\n\/* Media query for mobile devices (screens 600px or less) *\/\n@media (max-width: 600px) {\n  .finisher-list-container {\n    grid-template-columns: 1fr; \/* Stacks the columns into a single column *\/\n  }\n}\n<\/style>\n<div class=\"finisher-list-container\">\n  <div class=\"finisher-list-column\">\n    <p>Tobias T.<\/p>\n    <p>Andr\u00e9 Paris<\/p>\n    <p>Francesco S<\/p>\n    <p>Asjer Smit<\/p>\n    <p>Tymoteusz Frankiewicz<\/p>\n    <p>Jan-Christoph M\u00fcnch<\/p>\n    <p>Roman Rosenfellner<\/p>\n    <p>Botond Kovacs-N\u00fcszl<\/p>\n    <p>Benes Adam<\/p>\n    <p>Willy Robert-Tissot<\/p>\n    <p>S\u00f6ren Sch<\/p>\n    <p>Toni Portmann<\/p>\n    <p>Nina Giacomelli<\/p>\n    <p>Kurt Duber<\/p>\n    <p>Thomas Schuster<\/p>\n    <p>CSR71<\/p>\n    <p>Karsten Drews<\/p>\n    <p>alfredos<\/p>\n    <p>Sandro Gubler<\/p>\n    <p>Marcel Graf<\/p>\n    <p>Guido Hess<\/p>\n    <p>Lars Hettich<\/p>\n    <p>JP Krause<\/p>\n    <p>Elmar Hennes<\/p>\n    <p>Vanya Davidenko<\/p>\n    <p>Tobias Russi<\/p>\n    <p>Ernst R\u00fctter<\/p>\n    <p>Dmitrii Pobegaev<\/p>\n    <p>Mark Schumacher<\/p>\n    <p>Pascal Rey<\/p>\n    <p>Eric<\/p>\n    <p>Mathias Tr\u00f6ger<\/p>\n    <p>Noah Thurnherr<\/p>\n    <p>Nicole Oberholzer<\/p>\n    <p>Andr\u00e9 Fischli<\/p>\n    <p>David B\u00e4ni<\/p>\n    <p>Felix Pruemmer<\/p>\n    <p>Samuel Breitenmoser<\/p>\n    <p>Thomas Goldinger<\/p>\n    <p>Dominik Roschi<\/p>\n    <p>Andy<\/p>\n    <p>Ren\u00e9 Untern\u00e4hrer<\/p>\n    <p>Ernst<\/p>\n    <p>Frank Quedenfeld<\/p>\n    <p>Alain<\/p>\n    <p>Jan Bechtel<\/p>\n    <p>Andrea Invernizzi<\/p>\n    <p>Manu Weber<\/p>\n    <p>Sofie Waimann<\/p>\n    <p>Ren\u00e9 Gr\u00fcnenfelder<\/p>\n    <p>Leo Kunz<\/p>\n    <p>Molon Labe<\/p>\n    <p>Jan Bertsch<\/p>\n    <p>Jochen Bertsch<\/p>\n    <p>Mattias Totti<\/p>\n    <p>Benj Lutz<\/p>\n    <p>Nadja Sagurna<\/p>\n    <p>Daniel B\u00f6gli<\/p>\n    <p>Simon Tannert<\/p>\n    <p>Fritz Hubertus Vaziri<\/p>\n    <p>Amanda Vernet<\/p>\n    <p>Riekje Winzer<\/p>\n    <p>Thomas Wyss<\/p>\n    <p>Werner Weber &#8211; 2025<\/p>\n    <p>Monique Steiger<\/p>\n    <p>Serge Lucas<\/p>\n    <p>Jasper Meynen<\/p>\n    <p>Nicholas Hooper<\/p>\n    <p>Stephan Scholz<\/p>\n    <p>Tobias Kemme<\/p>\n    <p>Moritz Bader<\/p>\n    <p>Andreas<\/p>\n    <p>Aref<\/p>\n    <p>Urs St\u00e4hli<\/p>\n    <p>Jochen Kleinschnittger<\/p>\n    <p>Francisco Fernandes<\/p>\n    <p>Rubber Duck<\/p>\n    <p>Thomas Burki<\/p>\n    <p>Manuel Wargocki<\/p>\n    <p>Kerstin Cleek<\/p>\n    <p>Markus Widmer<\/p>\n    <p>Doris D\u00f6rig<\/p>\n    <p>Theo Niculas<\/p>\n    <p>Ehud<\/p>\n    <p>Sales Danioth<\/p>\n    <p>Jasmin<\/p>\n    <p>S\u00e9verin Baschung<\/p>\n    <p>Claudio F\u00e4ssler<\/p>\n    <p>Moritz Fahlbusch<\/p>\n    <p>Jens (Groppe) Leyk<\/p>\n    <p>Wanner<\/p>\n    <p>Ramon Steiner<\/p>\n    <p>Lorenz R\u00fcegsegger<\/p>\n    <p>Bart Van der Linden<\/p>\n    <p>Ken Relecom<\/p>\n    <p>St\u00fcbi<\/p>\n    <p>Velociraptor \ud83d\udeb5\u200d\u2642\ufe0f\ud83e\udd96 #onlyoutdoorisreal<\/p>\n    <p>Marek Benes<\/p>\n    <p>Christoph Horber<\/p>\n    <p>Sascha Deplazes<\/p>\n    <p>Patrick Zbinden<\/p>\n    <p>Frank Paetow<\/p>\n    <p>Thomas Hess<\/p>\n    <p>Matthias Mahler<\/p>\n    <p>Gerben De Roover<\/p>\n    <p>Reto Bischofberger<\/p>\n    <p>Laszlo Markert<\/p>\n    <p>Diego Hangartner<\/p>\n    <p>Arpad Balogh<\/p>\n    <p>Rolf<\/p>\n    <p>Rainer C.<\/p>\n    <p>Herbert<\/p>\n    <p>Juerg Schmidli<\/p>\n    <p>Thomas von K\u00e4nel<\/p>\n    <p>Lukas Roder<\/p>\n    <p>Rolf Pfister<\/p>\n    <p>Philipp Steiger<\/p>\n    <p>Michael Morgan<\/p>\n    <p>Mike Rinderknecht<\/p>\n    <p>\u2764\ufe0f<\/p>\n    <p>Mathias Scherz<\/p>\n    <p>Wolfgang Zierer<\/p>\n    <p>Jolanda H\u00fcsser<\/p>\n    <p>Anna Krebs<\/p>\n    <p>Ralf Leyking<\/p>\n    <p>Joni Schott<\/p>\n    <p>ReiniBasso 63<\/p>\n    <p>Jonas Gruber<\/p>\n    <p>Andrew Thomas<\/p>\n    <p>Alex Bukvic<\/p>\n    <p>Ernst Pl\u00fcss<\/p>\n    <p>Sven Matthias Krause<\/p>\n    <p>Uwe Zaugg<\/p>\n    <p>Marika Malinowska<\/p>\n    <p>Kurt Trautmann<\/p>\n    <p>MICHAEL MESSERLI<\/p>\n    <p>Julian M\u00fcggler<\/p>\n    <p>Max H\u00fcrlimann<\/p>\n    <p>Jacob N\u00fcrnberg<\/p>\n    <p>Alain Wyss<\/p>\n    <p>Marcel M\u00fcller<\/p>\n    <p>Patrick Scholl<\/p>\n    <p>Martin Maunz<\/p>\n    <p>Alejandro Cort\u00e9s<\/p>\n    <p>Markus Krenn<\/p>\n    <p>Ashley Clivery<\/p>\n    <p>Dominic Stadlin<\/p>\n    <p>Dany Morard<\/p>\n    <p>Selina Metzger<\/p>\n    <p>Pavel Kalvoda<\/p>\n    <p>Grobi<\/p>\n    <p>Jan Klijn<\/p>\n    <p>Sabine Christ<\/p>\n    <p>Kay Arnold<\/p>\n    <p>Ross Bannatyne<\/p>\n    <p>Roland Camenzind<\/p>\n    <p>Noah Unterhansberg<\/p>\n    <p>Jonas<\/p>\n  <\/div>\n  <div class=\"finisher-list-column\">\n    <p>Davide Mangani &#8220;ImmunoMan&#8221;<\/p>\n    <p>Jan W\u00fcrgler<\/p>\n    <p>Thomas M\u00fcller<\/p>\n    <p>Claudio Willi<\/p>\n    <p>Wolfgang Frost<\/p>\n    <p>Giuseppe Schirosi<\/p>\n    <p>Yannick Gubser<\/p>\n    <p>Michal Staffen<\/p>\n    <p>Sandro Schirosi<\/p>\n    <p>Walti<\/p>\n    <p>Miranda Krekovic<\/p>\n    <p>Nathalie Appenzeller<\/p>\n    <p>Roman Grischott<\/p>\n    <p>Daniel Asper<\/p>\n    <p>Mattias Rutishauser<\/p>\n    <p>Christian Greuter<\/p>\n    <p>Jan de vries<\/p>\n    <p>Mario Galvan<\/p>\n    <p>Philipp Manser<\/p>\n    <p>Andreas B\u00e4rtsch<\/p>\n    <p>Manuel Gysin<\/p>\n    <p>Simone Christen<\/p>\n    <p>Armin Wespi<\/p>\n    <p>Jan Swiatek<\/p>\n    <p>Ilanit<\/p>\n    <p>Johanna Klumpp<\/p>\n    <p>Nadine Russer<\/p>\n    <p>Jef Sweeck<\/p>\n    <p>Adolfo Prieto | VCC-RT<\/p>\n    <p>Kennel Raphael<\/p>\n    <p>Stephan Jacobs<\/p>\n    <p>Lucas Klaassen<\/p>\n    <p>Andreas Engler<\/p>\n    <p>Urs Glauser<\/p>\n    <p>Amos Fasoletti<\/p>\n    <p>Stefan<\/p>\n    <p>Andy Signer<\/p>\n    <p>Lukas Zimmermann<\/p>\n    <p>Minna Myyryl\u00e4inen<\/p>\n    <p>Robert B\u00fcssow<\/p>\n    <p>Herbert Fergg<\/p>\n    <p>Kathrin Geiling<\/p>\n    <p>Salome Bliggenstorfer<\/p>\n    <p>Lukas K\u00fcng<\/p>\n    <p>Franc Salzgeber<\/p>\n    <p>Marius Sautter<\/p>\n    <p>Jonathan Sommer<\/p>\n    <p>Rafael Meister<\/p>\n    <p>Nicolas<\/p>\n    <p>Gilles Ottet<\/p>\n    <p>Martin Duss<\/p>\n    <p>Fr\u00e9d\u00e9ric Herrmann<\/p>\n    <p>Urs<\/p>\n    <p>Alessandro Lanfranchi<\/p>\n    <p>Max Grundmann<\/p>\n    <p>Elisa Maslow<\/p>\n    <p>Christoph Bandhauer<\/p>\n    <p>Michael Gruner<\/p>\n    <p>Matthias K.<\/p>\n    <p>Stefan Resnitschek<\/p>\n    <p>Vidic Aleksandar<\/p>\n    <p>Pigeon Tech<\/p>\n    <p>Milena Romanov<\/p>\n    <p>Dusan Slavik<\/p>\n    <p>Marco Weilenmann<\/p>\n    <p>Fatima Mharchat<\/p>\n    <p>Marcel Mueller<\/p>\n    <p>Sara Ziegler<\/p>\n    <p>Urs Limacher<\/p>\n    <p>Jonas Schnoz<\/p>\n    <p>David<\/p>\n    <p>J\u00fcrg Schmidli<\/p>\n    <p>Artyom Romanov<\/p>\n    <p>Toni Nguyen<\/p>\n    <p>Robert M\u00e4ntler<\/p>\n    <p>Christian Miersen<\/p>\n    <p>Leonard Lochte-Holtgreven<\/p>\n    <p>Roberto M<\/p>\n    <p>Michael Abplanalp<\/p>\n    <p>Matt\u00e9o Mucci<\/p>\n    <p>Antonio Galgano<\/p>\n    <p>Amanda Michel<\/p>\n    <p>Walter Kiener<\/p>\n    <p>Andreas Frey<\/p>\n    <p>Tim B\u00fcrgler<\/p>\n    <p>Shaun Seeley<\/p>\n    <p>Hans Rosenberger<\/p>\n    <p>Mario Juppe<\/p>\n    <p>Tiina Kivel\u00e4<\/p>\n    <p>Stefan Leuenberger<\/p>\n    <p>Rene Boog<\/p>\n    <p>Bartek Mitman<\/p>\n    <p>Samuel Manser<\/p>\n    <p>Laura B\u00e9laz<\/p>\n    <p>Samuel Thuer<\/p>\n    <p>Roy Keller<\/p>\n    <p>Calvus Viator<\/p>\n    <p>Lukas Zenklusen<\/p>\n    <p>Felix Springer<\/p>\n    <p>V\u00f6gi Patrick<\/p>\n    <p>Frank Hollwedel<\/p>\n    <p>Ralph Egger<\/p>\n    <p>David Allman<\/p>\n    <p>Lukas Frei<\/p>\n    <p>Matthias Scuzzle B\u00fchler<\/p>\n    <p>Teresa Ranft<\/p>\n    <p>Michu Br\u00fcgger<\/p>\n    <p>Regula K\u00e4mpfer<\/p>\n    <p>Moritz Pichler<\/p>\n    <p>Matthias B\u00fchrer<\/p>\n    <p>Janis Siegenthaler<\/p>\n    <p>Kristof Uyttendaele<\/p>\n    <p>Simona Scheuzger<\/p>\n    <p>Jan Frutiger<\/p>\n    <p>Remo Koch<\/p>\n    <p>K\u00e1rolyi Gerg\u0151<\/p>\n    <p>Claudius Dietsche<\/p>\n    <p>Bruni<\/p>\n    <p>J\u00fcrgen Krucker<\/p>\n    <p>Nikolco Gjorgjiev<\/p>\n    <p>Michael Kopf<\/p>\n    <p>Jan Berchtold<\/p>\n    <p>Piotr Piestrzynski<\/p>\n    <p>Felix Gerber<\/p>\n    <p>Colin Lebbern<\/p>\n    <p>Pius E<\/p>\n    <p>Claudio Leu<\/p>\n    <p>Galina Dorofeeva<\/p>\n    <p>McInally<\/p>\n    <p>Bonoli Gabriele<\/p>\n    <p>Willem Keogh<\/p>\n    <p>WJ K<\/p>\n    <p>Silvan Pl\u00fcss<\/p>\n    <p>Roland Brei<\/p>\n    <p>Andrea Crivelli<\/p>\n    <p>Melissa Mairb\u00f6ck<\/p>\n    <p>Tobias Pl\u00f6ger<\/p>\n    <p>Thomas Polle<\/p>\n    <p>Martina Eitner<\/p>\n    <p>Markus Herb<\/p>\n    <p>Damian Kummer<\/p>\n    <p>Raffaela Maspero<\/p>\n    <p>Cedrik Brunner<\/p>\n    <p>Wanner Andreas<\/p>\n    <p>Andi Meier<\/p>\n    <p>Yanneck J\u00e4ger<\/p>\n    <p>David Hynek<\/p>\n    <p>Val\u00e9ry Jaun<\/p>\n    <p>Anthony Rumilla (UBS Tri Club \/ ZZP)<\/p>\n    <p>Raphael Stocker<\/p>\n    <p>Michael Marx<\/p>\n    <p>Ja<\/p>\n  <\/div>\n  <div class=\"finisher-list-column\">\n    <p>Armando Carlos Nava<\/p>\n    <p>Joanna Krokowicz<\/p>\n    <p>Sam Raedts<\/p>\n    <p>Juliane Schmidt<\/p>\n    <p>Luzia<\/p>\n    <p>Adam Benes<\/p>\n    <p>Michal Tracy Weber<\/p>\n    <p>Tobias Weber<\/p>\n    <p>Reto Stuber<\/p>\n    <p>Tanja Zgraggen<\/p>\n    <p>Steenackers Dimitri<\/p>\n    <p>Lukas Verstrepen<\/p>\n    <p>Raf De Herdt<\/p>\n    <p>Pascal Graber<\/p>\n    <p>Andreas Zaugg<\/p>\n    <p>Yafet Geresu<\/p>\n    <p>Simon Vaucher<\/p>\n    <p>Thomas Hostettler<\/p>\n    <p>Ross McEwan<\/p>\n    <p>Ga\u00eblle Camille Bourquin<\/p>\n    <p>CHRISTOPHE SOHY<\/p>\n    <p>Marco Steiner<\/p>\n    <p>2025 Leo Weber<\/p>\n    <p>Cornelius Weber<\/p>\n    <p>Harry Legs<\/p>\n    <p>Johnny Gotthard<\/p>\n    <p>Pascal<\/p>\n    <p>Maurice Koller<\/p>\n    <p>Stefan Gutknecht<\/p>\n    <p>Simon K\u00fcnzi<\/p>\n    <p>Klapprider<\/p>\n    <p>Luiz Paix\u00e3o<\/p>\n    <p>Vivian<\/p>\n    <p>Walter Metske<\/p>\n    <p>Sabine Versluis<\/p>\n    <p>Timo B\u00fcttner<\/p>\n    <p>Tina B\u00fcttner<\/p>\n    <p>Hector Briceno<\/p>\n    <p>Danilo Luca Presotto<\/p>\n    <p>Stefan Richter<\/p>\n    <p>Evgeniia Poliakova<\/p>\n    <p>Simon B<\/p>\n    <p>Marina D.<\/p>\n    <p>Manuel Hofmann<\/p>\n    <p>Max Baller<\/p>\n    <p>Grigory \ud83d\udef8<\/p>\n    <p>Josephine Fuchs<\/p>\n    <p>Samuel Wilczek<\/p>\n    <p>Raphael Wolfensberger<\/p>\n    <p>Stefan Kutej<\/p>\n    <p>Schwarz Roman<\/p>\n    <p>Drew<\/p>\n    <p>Vincenzo Barbagallo<\/p>\n    <p>ROBERTO BANFI<\/p>\n    <p>Ron O.<\/p>\n    <p>Kurt Duber 1958<\/p>\n    <p>Semyon Abramyan<\/p>\n    <p>Roger Inauen, BL<\/p>\n    <p>Ric Lossy<\/p>\n    <p>Patryk Walczyszyn<\/p>\n  <\/div>\n<\/div><\/div><\/div>\n<\/div>","protected":false},"excerpt":{"rendered":"<p>2025 Legends If you have mastered all 7 Alpenbrevet passes, you will receive a unique Alpenbrevet Legend start number sent to your home. This commemorative gift is an emotional addition to your trophy collection at home. Tobias T. Andr\u00e9 Paris Francesco S Asjer Smit Tymoteusz Frankiewicz Jan-Christoph M\u00fcnch Roman Rosenfellner Botond Kovacs-N\u00fcszl Benes Adam Willy [&hellip;]<\/p>\n","protected":false},"author":2,"featured_media":0,"parent":0,"menu_order":0,"comment_status":"closed","ping_status":"closed","template":"","meta":{"_acf_changed":false,"inline_featured_image":false,"footnotes":""},"class_list":["post-6507","page","type-page","status-publish","hentry"],"acf":[],"_links":{"self":[{"href":"https:\/\/extended.alpenbrevet.ch\/en\/wp-json\/wp\/v2\/pages\/6507","targetHints":{"allow":["GET"]}}],"collection":[{"href":"https:\/\/extended.alpenbrevet.ch\/en\/wp-json\/wp\/v2\/pages"}],"about":[{"href":"https:\/\/extended.alpenbrevet.ch\/en\/wp-json\/wp\/v2\/types\/page"}],"author":[{"embeddable":true,"href":"https:\/\/extended.alpenbrevet.ch\/en\/wp-json\/wp\/v2\/users\/2"}],"replies":[{"embeddable":true,"href":"https:\/\/extended.alpenbrevet.ch\/en\/wp-json\/wp\/v2\/comments?post=6507"}],"version-history":[{"count":2,"href":"https:\/\/extended.alpenbrevet.ch\/en\/wp-json\/wp\/v2\/pages\/6507\/revisions"}],"predecessor-version":[{"id":6518,"href":"https:\/\/extended.alpenbrevet.ch\/en\/wp-json\/wp\/v2\/pages\/6507\/revisions\/6518"}],"wp:attachment":[{"href":"https:\/\/extended.alpenbrevet.ch\/en\/wp-json\/wp\/v2\/media?parent=6507"}],"curies":[{"name":"wp","href":"https:\/\/api.w.org\/{rel}","templated":true}]}}