{"id":6631,"date":"2024-04-18T17:50:29","date_gmt":"2024-04-18T15:50:29","guid":{"rendered":"https:\/\/extended.alpenbrevet.ch\/?page_id=6631"},"modified":"2025-12-12T14:36:34","modified_gmt":"2025-12-12T13:36:34","slug":"nos-cols","status":"publish","type":"page","link":"https:\/\/extended.alpenbrevet.ch\/fr\/nos-cols\/","title":{"rendered":"Nos cols"},"content":{"rendered":"<div class=\"hero-section hero-is-image hero-align-end hero-size-narrow\" style=\"--hero-image-full: url(&apos;https:\/\/extended.alpenbrevet.ch\/wp-content\/uploads\/6.jpg&apos;); --hero-image-aspect-ratio: 1.7777777777778; --hero-image-until-s: url(&apos;https:\/\/extended.alpenbrevet.ch\/wp-content\/uploads\/6.jpg&apos;); --hero-image-until-s-2x: url(&apos;https:\/\/extended.alpenbrevet.ch\/wp-content\/uploads\/6.jpg&apos;); --hero-image-until-sm: url(&apos;https:\/\/extended.alpenbrevet.ch\/wp-content\/uploads\/6.jpg&apos;); --hero-image-until-sm-2x: url(&apos;https:\/\/extended.alpenbrevet.ch\/wp-content\/uploads\/6.jpg&apos;); --hero-image-until-md: url(&apos;https:\/\/extended.alpenbrevet.ch\/wp-content\/uploads\/6-992x558.jpg&apos;); --hero-image-until-md-2x: url(&apos;https:\/\/extended.alpenbrevet.ch\/wp-content\/uploads\/6-1984x1116.jpg&apos;); --hero-image-until-lg: url(&apos;https:\/\/extended.alpenbrevet.ch\/wp-content\/uploads\/6-1200x675.jpg&apos;); --hero-image-until-lg-2x: url(&apos;https:\/\/extended.alpenbrevet.ch\/wp-content\/uploads\/6-2400x1350.jpg&apos;); --hero-image-until-xl: url(&apos;https:\/\/extended.alpenbrevet.ch\/wp-content\/uploads\/6-1425x802.jpg&apos;); --hero-image-until-xl-2x: url(&apos;https:\/\/extended.alpenbrevet.ch\/wp-content\/uploads\/6-2850x1604.jpg&apos;); --hero-image-position: 50% 50%\"\n>\n\t<div class=\"hero-media\">\n\t\t<div class=\"hero-media-overlay\"><\/div>\n\t\t<div class=\"hero-content-wrapper\">\n\t\t\t<div class=\"hero-content\">\n\t\t\t\t<h1>Nos cols<\/h1>\n\n\t\t\t<\/div>\n\t\t<\/div>\n\t<\/div>\n<\/div><div  id class=\"page-section style-default layout-default align-default\">\n\t<div class=\"section-grid grid-layout container\"><div  style=\"--grid-layout-index: 1\" class=\"section-item layout-default layout-margin-default\"><h2>Carte<\/h2>\n<p>Les emplacements des badges sont donn\u00e9s \u00e0 titre indicatif. Pour tous les cols, il suffit de s&#8217;approcher du col (dans un rayon d&#8217;environ 100 m) pour que le col\/point de contr\u00f4le soit marqu\u00e9 comme termin\u00e9. La seule chose importante est que cela soit enregistr\u00e9 par ton tracker d&#8217;activit\u00e9.<\/p>\n\n<!--START INTEGRATION-->\n<script src=\"https:\/\/trackmaxx.ch\/maps\/loadjs.ashx\"><\/script>\n<div id=\"map\" style=\"width:100%;height:500px;max-height:500px; margin-bottom: 20px;\"><\/div>\n<script>\n     var m = new map();\n     m.mapoid = \"5d143b48-ad9d-4213-a94d-6aaeb44686e9\";\n     m.style = \"swisstopo\";\n     m.legend = \"none\";\n     m.elevationprofile = \"none\";\n     m.init();\n<\/script>\n<!--ENDE INTEGRATION-->\n<h2>APER\u00c7U<\/h2>\n\n\n<div class=\"stages\">\n\n\t\t<div class=\"stage\">\n\t\t\t<div>\n\t\t\t\t<div class=\"stage-head\">\n\n\t\t\t\t<\/div>\n\n<div class=\"stage-title\">\n\n\t\tOberalp (2046m+)\n<\/div>\n\n\n\t<div class=\"stage-badges badges\">\n\t\t<span class=\"badge stage-difficulty\" title=\"Difficult\u00e9\" x-data x-tooltip style=\"--difficulty: 2\">\n\t\t\t<span class=\"stars\"><\/span>\n\t\t\t<span class=\"sr-only\">Difficult\u00e9: 2\/5<\/span>\n\t\t<\/span>\n\t<\/div>\n\n\t\t\t\t<a href=\"https:\/\/extended.alpenbrevet.ch\/fr\/stage\/oberalp\/\" class=\"stage-link button style-text with-arrow\">Voir le col<\/a>\n\t\t\t<\/div>\n\n\t\t<\/div>\n\n\t\t<div class=\"stage\">\n\t\t\t<div>\n\t\t\t\t<div class=\"stage-head\">\n\n\t\t\t\t<\/div>\n\n<div class=\"stage-title\">\n\n\t\tSaint-Gothard (2091m+)\n<\/div>\n\n\n\t<div class=\"stage-badges badges\">\n\t\t<span class=\"badge stage-difficulty\" title=\"Difficult\u00e9\" x-data x-tooltip style=\"--difficulty: 3\">\n\t\t\t<span class=\"stars\"><\/span>\n\t\t\t<span class=\"sr-only\">Difficult\u00e9: 3\/5<\/span>\n\t\t<\/span>\n\t<\/div>\n\n\t\t\t\t<a href=\"https:\/\/extended.alpenbrevet.ch\/fr\/stage\/saint-gothard\/\" class=\"stage-link button style-text with-arrow\">Voir le col<\/a>\n\t\t\t<\/div>\n\n<img loading=\"lazy\" decoding=\"async\" width=\"496\" height=\"272\" src=\"https:\/\/extended.alpenbrevet.ch\/wp-content\/uploads\/3-496x272.jpg\" class=\"stage-image wp-post-image\" alt=\"\" srcset=\"https:\/\/extended.alpenbrevet.ch\/wp-content\/uploads\/3-496x272.jpg 496w, https:\/\/extended.alpenbrevet.ch\/wp-content\/uploads\/3-992x544.jpg 992w\" sizes=\"auto, (max-width: 496px) 100vw, 496px\" \/>\t\t<\/div>\n\n\t\t<div class=\"stage\">\n\t\t\t<div>\n\t\t\t\t<div class=\"stage-head\">\n\n\t\t\t\t<\/div>\n\n<div class=\"stage-title\">\n\n\t\tNufenen (2478m+)\n<\/div>\n\n\n\t<div class=\"stage-badges badges\">\n\t\t<span class=\"badge stage-difficulty\" title=\"Difficult\u00e9\" x-data x-tooltip style=\"--difficulty: 5\">\n\t\t\t<span class=\"stars\"><\/span>\n\t\t\t<span class=\"sr-only\">Difficult\u00e9: 5\/5<\/span>\n\t\t<\/span>\n\t<\/div>\n\n\t\t\t\t<a href=\"https:\/\/extended.alpenbrevet.ch\/fr\/stage\/nufenen\/\" class=\"stage-link button style-text with-arrow\">Voir le col<\/a>\n\t\t\t<\/div>\n\n<img loading=\"lazy\" decoding=\"async\" width=\"496\" height=\"272\" src=\"https:\/\/extended.alpenbrevet.ch\/wp-content\/uploads\/4-496x272.jpg\" class=\"stage-image wp-post-image\" alt=\"\" srcset=\"https:\/\/extended.alpenbrevet.ch\/wp-content\/uploads\/4-496x272.jpg 496w, https:\/\/extended.alpenbrevet.ch\/wp-content\/uploads\/4-992x544.jpg 992w\" sizes=\"auto, (max-width: 496px) 100vw, 496px\" \/>\t\t<\/div>\n\n\t\t<div class=\"stage\">\n\t\t\t<div>\n\t\t\t\t<div class=\"stage-head\">\n\n\t\t\t\t<\/div>\n\n<div class=\"stage-title\">\n\n\t\tFurka (2436m+)\n<\/div>\n\n\n\t<div class=\"stage-badges badges\">\n\t\t<span class=\"badge stage-difficulty\" title=\"Difficult\u00e9\" x-data x-tooltip style=\"--difficulty: 4\">\n\t\t\t<span class=\"stars\"><\/span>\n\t\t\t<span class=\"sr-only\">Difficult\u00e9: 4\/5<\/span>\n\t\t<\/span>\n\t<\/div>\n\n\t\t\t\t<a href=\"https:\/\/extended.alpenbrevet.ch\/fr\/stage\/furka\/\" class=\"stage-link button style-text with-arrow\">Voir le col<\/a>\n\t\t\t<\/div>\n\n<img loading=\"lazy\" decoding=\"async\" width=\"496\" height=\"272\" src=\"https:\/\/extended.alpenbrevet.ch\/wp-content\/uploads\/5-496x272.jpg\" class=\"stage-image wp-post-image\" alt=\"\" srcset=\"https:\/\/extended.alpenbrevet.ch\/wp-content\/uploads\/5-496x272.jpg 496w, https:\/\/extended.alpenbrevet.ch\/wp-content\/uploads\/5-992x544.jpg 992w\" sizes=\"auto, (max-width: 496px) 100vw, 496px\" \/>\t\t<\/div>\n\n\t\t<div class=\"stage\">\n\t\t\t<div>\n\t\t\t\t<div class=\"stage-head\">\n\n\t\t\t\t<\/div>\n\n<div class=\"stage-title\">\n\n\t\tSusten (2224m+)\n<\/div>\n\n\n\t<div class=\"stage-badges badges\">\n\t\t<span class=\"badge stage-difficulty\" title=\"Difficult\u00e9\" x-data x-tooltip style=\"--difficulty: 4\">\n\t\t\t<span class=\"stars\"><\/span>\n\t\t\t<span class=\"sr-only\">Difficult\u00e9: 4\/5<\/span>\n\t\t<\/span>\n\t<\/div>\n\n\t\t\t\t<a href=\"https:\/\/extended.alpenbrevet.ch\/fr\/stage\/susten\/\" class=\"stage-link button style-text with-arrow\">Voir le col<\/a>\n\t\t\t<\/div>\n\n<img loading=\"lazy\" decoding=\"async\" width=\"496\" height=\"272\" src=\"https:\/\/extended.alpenbrevet.ch\/wp-content\/uploads\/2-496x272.jpg\" class=\"stage-image wp-post-image\" alt=\"\" srcset=\"https:\/\/extended.alpenbrevet.ch\/wp-content\/uploads\/2-496x272.jpg 496w, https:\/\/extended.alpenbrevet.ch\/wp-content\/uploads\/2-992x544.jpg 992w\" sizes=\"auto, (max-width: 496px) 100vw, 496px\" \/>\t\t<\/div>\n\n\t\t<div class=\"stage\">\n\t\t\t<div>\n\t\t\t\t<div class=\"stage-head\">\n\n\t\t\t\t<\/div>\n\n<div class=\"stage-title\">\n\n\t\tGrimsel (2165m+)\n<\/div>\n\n\n\t<div class=\"stage-badges badges\">\n\t\t<span class=\"badge stage-difficulty\" title=\"Difficult\u00e9\" x-data x-tooltip style=\"--difficulty: 4\">\n\t\t\t<span class=\"stars\"><\/span>\n\t\t\t<span class=\"sr-only\">Difficult\u00e9: 4\/5<\/span>\n\t\t<\/span>\n\t<\/div>\n\n\t\t\t\t<a href=\"https:\/\/extended.alpenbrevet.ch\/fr\/stage\/grimsel\/\" class=\"stage-link button style-text with-arrow\">Voir le col<\/a>\n\t\t\t<\/div>\n\n<img loading=\"lazy\" decoding=\"async\" width=\"496\" height=\"272\" src=\"https:\/\/extended.alpenbrevet.ch\/wp-content\/uploads\/6-496x272.jpg\" class=\"stage-image wp-post-image\" alt=\"\" srcset=\"https:\/\/extended.alpenbrevet.ch\/wp-content\/uploads\/6-496x272.jpg 496w, https:\/\/extended.alpenbrevet.ch\/wp-content\/uploads\/6-992x544.jpg 992w\" sizes=\"auto, (max-width: 496px) 100vw, 496px\" \/>\t\t<\/div>\n\n\t\t<div class=\"stage\">\n\t\t\t<div>\n\t\t\t\t<div class=\"stage-head\">\n\n\t\t\t\t<\/div>\n\n<div class=\"stage-title\">\n\n\t\tLukmanier (1972m+)\n<\/div>\n\n\n\t<div class=\"stage-badges badges\">\n\t\t<span class=\"badge stage-difficulty\" title=\"Difficult\u00e9\" x-data x-tooltip style=\"--difficulty: 2\">\n\t\t\t<span class=\"stars\"><\/span>\n\t\t\t<span class=\"sr-only\">Difficult\u00e9: 2\/5<\/span>\n\t\t<\/span>\n\t<\/div>\n\n\t\t\t\t<a href=\"https:\/\/extended.alpenbrevet.ch\/fr\/stage\/lukmanier\/\" class=\"stage-link button style-text with-arrow\">Voir le col<\/a>\n\t\t\t<\/div>\n\n<img loading=\"lazy\" decoding=\"async\" width=\"496\" height=\"272\" src=\"https:\/\/extended.alpenbrevet.ch\/wp-content\/uploads\/7-496x272.jpg\" class=\"stage-image wp-post-image\" alt=\"\" srcset=\"https:\/\/extended.alpenbrevet.ch\/wp-content\/uploads\/7-496x272.jpg 496w, https:\/\/extended.alpenbrevet.ch\/wp-content\/uploads\/7-992x544.jpg 992w\" sizes=\"auto, (max-width: 496px) 100vw, 496px\" \/>\t\t<\/div>\n\n\t\t<div class=\"stage\">\n\t\t\t<div>\n\t\t\t\t<div class=\"stage-head\">\n\n\t\t\t\t<\/div>\n\n<div class=\"stage-title\">\n\n\t\tBonus: Cungieri (1857m+)\n<\/div>\n\n\n\t<div class=\"stage-badges badges\">\n\t\t<span class=\"badge stage-difficulty\" title=\"Difficult\u00e9\" x-data x-tooltip style=\"--difficulty: 2\">\n\t\t\t<span class=\"stars\"><\/span>\n\t\t\t<span class=\"sr-only\">Difficult\u00e9: 2\/5<\/span>\n\t\t<\/span>\n\t<\/div>\n\n\t\t\t\t<a href=\"https:\/\/extended.alpenbrevet.ch\/fr\/stage\/cungieri\/\" class=\"stage-link button style-text with-arrow\">Voir le col<\/a>\n\t\t\t<\/div>\n\n<img loading=\"lazy\" decoding=\"async\" width=\"496\" height=\"272\" src=\"https:\/\/extended.alpenbrevet.ch\/wp-content\/uploads\/slider96-496x272.jpg\" class=\"stage-image wp-post-image\" alt=\"Bergrestaurant Cungieri\" srcset=\"https:\/\/extended.alpenbrevet.ch\/wp-content\/uploads\/slider96-496x272.jpg 496w, https:\/\/extended.alpenbrevet.ch\/wp-content\/uploads\/slider96-992x544.jpg 992w\" sizes=\"auto, (max-width: 496px) 100vw, 496px\" \/>\t\t<\/div>\n\n\t\t<div class=\"stage\">\n\t\t\t<div>\n\t\t\t\t<div class=\"stage-head\">\n\n\t\t\t\t<\/div>\n\n<div class=\"stage-title\">\n\n\t\tBonus: Klausenpass (1948m+)\n<\/div>\n\n\n\t<div class=\"stage-badges badges\">\n\t\t<span class=\"badge stage-difficulty\" title=\"Difficult\u00e9\" x-data x-tooltip style=\"--difficulty: 4\">\n\t\t\t<span class=\"stars\"><\/span>\n\t\t\t<span class=\"sr-only\">Difficult\u00e9: 4\/5<\/span>\n\t\t<\/span>\n\t<\/div>\n\n\t\t\t\t<a href=\"https:\/\/extended.alpenbrevet.ch\/fr\/stage\/klausenpass\/\" class=\"stage-link button style-text with-arrow\">Voir le col<\/a>\n\t\t\t<\/div>\n\n<img loading=\"lazy\" decoding=\"async\" width=\"496\" height=\"272\" src=\"https:\/\/extended.alpenbrevet.ch\/wp-content\/uploads\/Klausenpass-496x272.jpg\" class=\"stage-image wp-post-image\" alt=\"\" srcset=\"https:\/\/extended.alpenbrevet.ch\/wp-content\/uploads\/Klausenpass-496x272.jpg 496w, https:\/\/extended.alpenbrevet.ch\/wp-content\/uploads\/Klausenpass-992x544.jpg 992w\" sizes=\"auto, (max-width: 496px) 100vw, 496px\" \/>\t\t<\/div>\n<\/div>\n<\/div><\/div>\n<\/div>","protected":false},"excerpt":{"rendered":"<p>Nos cols Carte Les emplacements des badges sont donn\u00e9s \u00e0 titre indicatif. Pour tous les cols, il suffit de s&#8217;approcher du col (dans un rayon d&#8217;environ 100 m) pour que le col\/point de contr\u00f4le soit marqu\u00e9 comme termin\u00e9. La seule chose importante est que cela soit enregistr\u00e9 par ton tracker d&#8217;activit\u00e9. APER\u00c7U Oberalp (2046m+) Difficult\u00e9: [&hellip;]<\/p>\n","protected":false},"author":6,"featured_media":0,"parent":0,"menu_order":0,"comment_status":"closed","ping_status":"closed","template":"","meta":{"_acf_changed":false,"inline_featured_image":false,"footnotes":""},"class_list":["post-6631","page","type-page","status-publish","hentry"],"acf":[],"_links":{"self":[{"href":"https:\/\/extended.alpenbrevet.ch\/fr\/wp-json\/wp\/v2\/pages\/6631","targetHints":{"allow":["GET"]}}],"collection":[{"href":"https:\/\/extended.alpenbrevet.ch\/fr\/wp-json\/wp\/v2\/pages"}],"about":[{"href":"https:\/\/extended.alpenbrevet.ch\/fr\/wp-json\/wp\/v2\/types\/page"}],"author":[{"embeddable":true,"href":"https:\/\/extended.alpenbrevet.ch\/fr\/wp-json\/wp\/v2\/users\/6"}],"replies":[{"embeddable":true,"href":"https:\/\/extended.alpenbrevet.ch\/fr\/wp-json\/wp\/v2\/comments?post=6631"}],"version-history":[{"count":1,"href":"https:\/\/extended.alpenbrevet.ch\/fr\/wp-json\/wp\/v2\/pages\/6631\/revisions"}],"predecessor-version":[{"id":6632,"href":"https:\/\/extended.alpenbrevet.ch\/fr\/wp-json\/wp\/v2\/pages\/6631\/revisions\/6632"}],"wp:attachment":[{"href":"https:\/\/extended.alpenbrevet.ch\/fr\/wp-json\/wp\/v2\/media?parent=6631"}],"curies":[{"name":"wp","href":"https:\/\/api.w.org\/{rel}","templated":true}]}}