{"id":6641,"date":"2024-04-29T14:39:35","date_gmt":"2024-04-29T12:39:35","guid":{"rendered":"https:\/\/extended.alpenbrevet.ch\/?page_id=6641"},"modified":"2026-04-16T08:07:02","modified_gmt":"2026-04-16T06:07:02","slug":"rewards","status":"publish","type":"page","link":"https:\/\/extended.alpenbrevet.ch\/fr\/rewards\/","title":{"rendered":"Rewards"},"content":{"rendered":"\n<div class=\"intro-section page-section style-default layout-default align-default with-content\">\n\t<div class=\"section-grid grid-layout container\">\n\t\t<div style=\"--grid-layout-index: 1; --col-xs: 12; --col-sm: 12; --col-md: 12; --col-lg: 12; --col-xl: 12\" class=\"section-item layout-default layout-margin-default\">\n\t\t\t<div class=\"intro-background-title\" data-content=\"2026\">2026<\/div>\n\t\t\t<div class=\"intro-title-wrapper\">\n\t\t\t\t<h1 class=\"intro-title\">Rewards<\/h1>\n\t\t\t<\/div>\n\t\t\t<div class=\"intro-content lead-text\">\n\t\t\t\t<p>Votre performance \u00e0 v\u00e9lo est votre plus grande r\u00e9compense \u00e0 l&#8217;Alpenbrevet Extended. Vous pouvez \u00e9galement vous r\u00e9jouir des r\u00e9compenses suivantes.<\/p>\n\n\t\t\t<\/div>\n\t\t<\/div>\n\t<\/div>\n<\/div>\n\n<div  id class=\"page-section style-default layout-default align-default\">\n\t<div class=\"section-grid grid-layout container\"><div  style=\"--grid-layout-index: 1; --col-xs: 12; --col-sm: 12; --col-md: 6; --col-lg: 8; --col-xl: 8\" class=\"section-item layout-default layout-margin-default\"><h2>PRIX \u00c0 GAGNER &#8211; POUR 3 COLS OU PLU<\/h2>\n<p>Pour r\u00e9compenser celles et ceux qui auront franchi 3 cols alpins, nous offrons des prix attractifs parmi toutes les personnes participantes.<\/p>\n<ol>\n<li>Prix : gagnez l une des 10 places pour le Swiss Cycling Alpenbrevet 2027<\/li>\n<li>Prix : gagnez 1 nuit\u00e9e dans le luxueux h\u00f4tel The Chedi \u00e0 Andermatt*<\/li>\n<li>Prix : 1&#215;2 billets VIP pour le festival \u00abThe Bash\u00bb \u00e0 Andermatt<\/li>\n<li>Prix : 1 bon de CHF 50 au The Swiss House<\/li>\n<li>Prix : 1 bon de CHF 50 au Nooba Restaurant<\/li>\n<li>Prix : 2 places pour le <a href=\"https:\/\/www.rockand.ch\/\" target=\"_blank\" rel=\"noopener\">Rockand Hike<\/a> 2027<\/li>\n<\/ol>\n<p>*1 nuit \u00e0 The Chedi Andermatt en chambre Deluxe pour 2 personnes, incluant le grand buffet petit d\u00e9jeuner The Chedi, l acc\u00e8s au The Spa &amp; Health Club, les boissons sans alcool du minibar et la taxe de s\u00e9jour.<\/p>\n\n<\/div><div  style=\"--grid-layout-index: 2; --col-xs: 12; --col-sm: 12; --col-md: 6; --col-lg: 4; --col-xl: 4\" class=\"section-item layout-default layout-margin-default\">\n\t\t<img loading=\"lazy\" decoding=\"async\" width=\"768\" height=\"768\" src=\"https:\/\/extended.alpenbrevet.ch\/wp-content\/uploads\/1-768x768.png\" class=\"wpce-image\" alt=\"\" data-css-locator=\"51d9412a-9587-4c97-a9b9-cda51553eea4\" srcset=\"https:\/\/extended.alpenbrevet.ch\/wp-content\/uploads\/1-768x768.png 768w, https:\/\/extended.alpenbrevet.ch\/wp-content\/uploads\/1-300x300.png 300w, https:\/\/extended.alpenbrevet.ch\/wp-content\/uploads\/1-1024x1024.png 1024w, https:\/\/extended.alpenbrevet.ch\/wp-content\/uploads\/1-150x150.png 150w, https:\/\/extended.alpenbrevet.ch\/wp-content\/uploads\/1.png 1080w\" sizes=\"auto, (max-width: 768px) 100vw, 768px\" \/>\n<\/div><\/div>\n<\/div>\n<div class=\"background style-light\">\n<div  id class=\"page-section style-default layout-default align-default\">\n\t<div class=\"section-grid grid-layout container\"><div  style=\"--grid-layout-index: 1; --col-xs: 12; --col-sm: 12; --col-md: 6; --col-lg: 7; --col-xl: 7\" class=\"section-item layout-padding-r layout-margin-default\"><h2>CHAUSSETTES DE CYCLISME \u2013 POUR 5 COLS OU PLUS<\/h2>\n<p>Apr\u00e8s avoir conquis 5 cols alpins, des chaussettes de cyclisme \u00e9l\u00e9gantes Andermatt Swiss Alps vous attendent pour vos prochains d\u00e9fis.<\/p>\n<\/div><div  style=\"--grid-layout-index: 2; --col-xs: 12; --col-sm: 12; --col-md: 6; --col-lg: 5; --col-xl: 5\" class=\"section-item layout-default layout-margin-default\">\n\t\t<img loading=\"lazy\" decoding=\"async\" width=\"768\" height=\"741\" src=\"https:\/\/extended.alpenbrevet.ch\/wp-content\/uploads\/Produktbild_Andermatt-socks-768x741.png\" class=\"wpce-image\" alt=\"\" data-css-locator=\"5f57e423-978c-4d4d-a49f-ec3dd65baf0e\" srcset=\"https:\/\/extended.alpenbrevet.ch\/wp-content\/uploads\/Produktbild_Andermatt-socks-768x741.png 768w, https:\/\/extended.alpenbrevet.ch\/wp-content\/uploads\/Produktbild_Andermatt-socks-300x290.png 300w, https:\/\/extended.alpenbrevet.ch\/wp-content\/uploads\/Produktbild_Andermatt-socks.png 1008w\" sizes=\"auto, (max-width: 768px) 100vw, 768px\" \/>\n<\/div><\/div>\n<\/div><\/div><div  id class=\"page-section style-default layout-default align-default\">\n\t<div class=\"section-grid grid-layout container\"><div  style=\"--grid-layout-index: 1; --col-xs: 12; --col-sm: 12; --col-md: 6; --col-lg: 8; --col-xl: 8\" class=\"section-item layout-default layout-margin-default\"><h2>NUM\u00c9RO DE D\u00c9PART ALPENBREVET LEGEND* &#8211; POUR 7 COLS<\/h2>\n<p>Si vous avez ma\u00eetris\u00e9 les 7 cols de l&#8217;Alpenbrevet, vous recevrez chez vous un num\u00e9ro de d\u00e9part Alpenbrevet Legend unique. Ce cadeau comm\u00e9moratif viendra enrichir votre collection de troph\u00e9es \u00e0 la maison.<\/p>\n<p>*Le num\u00e9ro de d\u00e9part Alpenbrevet est un cadeau comm\u00e9moratif unique, mais il ne vous donne pas le droit de participer au Swiss Cycling Alpenbrevet 2026 le 5 septembre.<\/p>\n<\/div><div  style=\"--grid-layout-index: 2; --col-xs: 12; --col-sm: 12; --col-md: 6; --col-lg: 4; --col-xl: 4\" class=\"section-item layout-default layout-margin-default\">\n\t\t<img loading=\"lazy\" decoding=\"async\" width=\"203\" height=\"300\" src=\"https:\/\/extended.alpenbrevet.ch\/wp-content\/uploads\/SCAB2024_Lenkernummern_Extended_100x150-203x300.png\" class=\"wpce-image\" alt=\"\" data-css-locator=\"\" srcset=\"https:\/\/extended.alpenbrevet.ch\/wp-content\/uploads\/SCAB2024_Lenkernummern_Extended_100x150-203x300.png 203w, https:\/\/extended.alpenbrevet.ch\/wp-content\/uploads\/SCAB2024_Lenkernummern_Extended_100x150-691x1024.png 691w, https:\/\/extended.alpenbrevet.ch\/wp-content\/uploads\/SCAB2024_Lenkernummern_Extended_100x150-768x1138.png 768w, https:\/\/extended.alpenbrevet.ch\/wp-content\/uploads\/SCAB2024_Lenkernummern_Extended_100x150-1037x1536.png 1037w, https:\/\/extended.alpenbrevet.ch\/wp-content\/uploads\/SCAB2024_Lenkernummern_Extended_100x150.png 1228w\" sizes=\"auto, (max-width: 203px) 100vw, 203px\" \/>\n<\/div><\/div>\n<\/div>\n<div class=\"background style-light\">\n<div  id class=\"page-section style-default layout-default align-default\">\n\t<div class=\"section-grid grid-layout container\"><div  style=\"--grid-layout-index: 1; --col-xs: 12; --col-sm: 12; --col-md: 6; --col-lg: 8; --col-xl: 8\" class=\"section-item layout-default layout-margin-default\"><h2>35 % DE R\u00c9DUCTION SUR LE CUISSARD \u00c0 BRETELLES FR-C PRO DE GIORDANA<\/h2>\n<p>En 2026, l\u2019Alpenbrevet Extended inclut le col de l\u2019Oberalp. C est une occasion exclusive de s attaquer a cette ascension legendaire en complement du parcours classique et d etre recompense pour cela. Apres avoir termine l ascension et telecharge votre activite sur Garmin ou Strava, vous recevrez automatiquement votre code promo personnalise par e mail.<\/p>\n\n\n<div class=\"buttons\">\n\t<div class=\"button-group\">\n\n\t\t\t<a\n\t\t\t\thref=\"https:\/\/shop.giordana.ch\/products\/fr-c-pro-men-tragerhose-schwarz-new\" target=\"_blank\" rel=\"noopener\" class=\"button style-text with-arrow\"\n\t\t\t>\n\t\t\t\tEn savoir plus\n\t\t\t<\/a>\n\t<\/div>\n<\/div><\/div><div  style=\"--grid-layout-index: 2; --col-xs: 12; --col-sm: 12; --col-md: 6; --col-lg: 4; --col-xl: 4\" class=\"section-item layout-default layout-margin-default\"><a href=\"https:\/\/shop.giordana.ch\/products\/fr-c-pro-men-tragerhose-schwarz-new\" target=\"_blank\" rel=\"noopener\" data-css-locator=\"5f242887-539e-46ea-86be-823879554483\">\n\t\t<img loading=\"lazy\" decoding=\"async\" width=\"200\" height=\"300\" src=\"https:\/\/extended.alpenbrevet.ch\/wp-content\/uploads\/Giordana-Bibs-3-200x300.jpg\" class=\"wpce-image\" alt=\"\" data-css-locator=\"\" srcset=\"https:\/\/extended.alpenbrevet.ch\/wp-content\/uploads\/Giordana-Bibs-3-200x300.jpg 200w, https:\/\/extended.alpenbrevet.ch\/wp-content\/uploads\/Giordana-Bibs-3-683x1024.jpg 683w, https:\/\/extended.alpenbrevet.ch\/wp-content\/uploads\/Giordana-Bibs-3-768x1152.jpg 768w, https:\/\/extended.alpenbrevet.ch\/wp-content\/uploads\/Giordana-Bibs-3-1024x1536.jpg 1024w, https:\/\/extended.alpenbrevet.ch\/wp-content\/uploads\/Giordana-Bibs-3-600x900.jpg 600w, https:\/\/extended.alpenbrevet.ch\/wp-content\/uploads\/Giordana-Bibs-3.jpg 1200w\" sizes=\"auto, (max-width: 200px) 100vw, 200px\" \/>\n<\/a><\/div><\/div>\n<\/div><\/div>\n<div class=\"background style-default\">\n<div  class=\"page-section style-default layout-default align-default\">\n\t<div class=\"section-grid grid-layout container\"><div  style=\"--grid-layout-index: 1; --col-xs: 12; --col-sm: 12; --col-md: 12; --col-lg: 12; --col-xl: 12\" class=\"section-item layout-default layout-margin-default\"><h3>REMARQUES<\/h3>\n<ul>\n<li>Vous pouvez commander votre num\u00e9ro de course Alpenbrevet Legend \u00e0 la fin du d\u00e9fi sur ce site web. Les participants \u00e9ligibles seront inform\u00e9s par e-mail.<\/li>\n<li>Le tirage au sort des prix aura lieu apr\u00e8s la fin de l&#8217;Alpenbrevet Extended. Les gagnants seront inform\u00e9s par e-mail au plus tard le 30 octobre.<\/li>\n<li>Chaussettes &#8211; \u00e0 partir de 5 cols, vous pouvez retirer vos prix dans le hall du Radisson Reussen \u00e0 Andermatt sur pr\u00e9sentation de l&#8217;e-mail de confirmation correspondant. Les prix doivent \u00eatre retir\u00e9s et ne seront pas envoy\u00e9s.<\/li>\n<li>Vous recevrez une confirmation de votre statut Alpenbrevet Extended dans les 15 minutes suivant le t\u00e9l\u00e9chargement de votre activit\u00e9 sur Strava et\/ou Garmin.<\/li>\n<\/ul>\n<\/div><\/div>\n<\/div><\/div>","protected":false},"excerpt":{"rendered":"<p>2026 Rewards Votre performance \u00e0 v\u00e9lo est votre plus grande r\u00e9compense \u00e0 l&#8217;Alpenbrevet Extended. Vous pouvez \u00e9galement vous r\u00e9jouir des r\u00e9compenses suivantes. PRIX \u00c0 GAGNER &#8211; POUR 3 COLS OU PLU Pour r\u00e9compenser celles et ceux qui auront franchi 3 cols alpins, nous offrons des prix attractifs parmi toutes les personnes participantes. Prix : gagnez [&hellip;]<\/p>\n","protected":false},"author":6,"featured_media":0,"parent":0,"menu_order":0,"comment_status":"closed","ping_status":"closed","template":"","meta":{"_acf_changed":false,"inline_featured_image":false,"footnotes":""},"class_list":["post-6641","page","type-page","status-publish","hentry"],"acf":[],"_links":{"self":[{"href":"https:\/\/extended.alpenbrevet.ch\/fr\/wp-json\/wp\/v2\/pages\/6641","targetHints":{"allow":["GET"]}}],"collection":[{"href":"https:\/\/extended.alpenbrevet.ch\/fr\/wp-json\/wp\/v2\/pages"}],"about":[{"href":"https:\/\/extended.alpenbrevet.ch\/fr\/wp-json\/wp\/v2\/types\/page"}],"author":[{"embeddable":true,"href":"https:\/\/extended.alpenbrevet.ch\/fr\/wp-json\/wp\/v2\/users\/6"}],"replies":[{"embeddable":true,"href":"https:\/\/extended.alpenbrevet.ch\/fr\/wp-json\/wp\/v2\/comments?post=6641"}],"version-history":[{"count":10,"href":"https:\/\/extended.alpenbrevet.ch\/fr\/wp-json\/wp\/v2\/pages\/6641\/revisions"}],"predecessor-version":[{"id":6971,"href":"https:\/\/extended.alpenbrevet.ch\/fr\/wp-json\/wp\/v2\/pages\/6641\/revisions\/6971"}],"wp:attachment":[{"href":"https:\/\/extended.alpenbrevet.ch\/fr\/wp-json\/wp\/v2\/media?parent=6641"}],"curies":[{"name":"wp","href":"https:\/\/api.w.org\/{rel}","templated":true}]}}