{"id":6646,"date":"2025-03-26T11:34:36","date_gmt":"2025-03-26T10:34:36","guid":{"rendered":"https:\/\/extended.alpenbrevet.ch\/?page_id=6646"},"modified":"2025-12-12T14:36:34","modified_gmt":"2025-12-12T13:36:34","slug":"ranking-2025","status":"publish","type":"page","link":"https:\/\/extended.alpenbrevet.ch\/fr\/ranking-2025\/","title":{"rendered":"Ranking 2025"},"content":{"rendered":"\n<div class=\"intro-section page-section style-default layout-default align-default with-content\">\n\t<div class=\"section-grid grid-layout container\">\n\t\t<div style=\"--grid-layout-index: 1; --col-xs: 12; --col-sm: 12; --col-md: 12; --col-lg: 12; --col-xl: 12\" class=\"section-item layout-default layout-margin-default\">\n\t\t\t<div class=\"intro-background-title\" data-content=\"2025\">2025<\/div>\n\t\t\t<div class=\"intro-title-wrapper\">\n\t\t\t\t<h1 class=\"intro-title\">Ranking<\/h1>\n\t\t\t\t<a href=\"https:\/\/extended.alpenbrevet.ch\/startliste\/\" class=\"button style-text with-arrow\">Startliste<\/a>\n\t\t\t<\/div>\n\t\t\t<div class=\"intro-content lead-text\">\n\t\t\t\t<p>Terminez les cols et vous trouverez ci-dessous les badges correspondant aux cols franchis ainsi que votre statut.<\/p>\n\n\t\t\t<\/div>\n\t\t<\/div>\n\t<\/div>\n<\/div>\n\n<div  class=\"page-section style-default layout-default align-default\">\n\t<div class=\"section-grid grid-layout container\"><div  style=\"--grid-layout-index: 1\" class=\"section-item layout-default layout-margin-default\"><div style=\"display: flex; align-items: center; margin-bottom: 5px;\">\n    <img loading=\"lazy\" decoding=\"async\" src=\"https:\/\/extended.alpenbrevet.ch\/wp-content\/uploads\/Silber-Status-1.svg\" alt=\"\" width=\"50\" height=\"50\" style=\"margin-right: 20px;\" \/>\n    <span>Silberstatus &#8211; 3 P\u00e4sse gefahren<\/span>\n<\/div>\n<div style=\"display: flex; align-items: center; margin-bottom: 5px;\">\n    <img loading=\"lazy\" decoding=\"async\" src=\"https:\/\/extended.alpenbrevet.ch\/wp-content\/uploads\/Platin-Status-1.svg\" alt=\"\" width=\"50\" height=\"50\" style=\"margin-right: 20px;\" \/>\n    <span>Platinstatus &#8211; 5 P\u00e4sse gefahren<\/span>\n<\/div>\n<div style=\"display: flex; align-items: center; margin-bottom: 25px;\">\n    <img loading=\"lazy\" decoding=\"async\" src=\"https:\/\/extended.alpenbrevet.ch\/wp-content\/uploads\/Legende-Status-1.svg\" alt=\"\" width=\"50\" height=\"50\" style=\"margin-right: 20px;\" \/>\n    <span>Legende-Status &#8211; 7 P\u00e4sse gefahren<\/span>\n<\/div>\n\n\n<iframe src=\"https:\/\/laceup.io\/tour\/alpenbrevet-2025\/ranking?embed=1\" frameborder=\"0\" style=\"width: 100%; max-width: 1200px; margin-left: auto; margin-right: auto;\" scrolling=\"no\"><\/iframe>\n<script>\nwindow.addEventListener(\"message\", (event) => {\n    if (event.data.type === \"resize\") {\n        const iframe = document.querySelector(\"iframe\");\n        iframe.height = event.data.value + \"px\";\n    }\n}, false);\n<\/script><\/div><\/div>\n<\/div>","protected":false},"excerpt":{"rendered":"<p>2025 Ranking Startliste Terminez les cols et vous trouverez ci-dessous les badges correspondant aux cols franchis ainsi que votre statut. Silberstatus &#8211; 3 P\u00e4sse gefahren Platinstatus &#8211; 5 P\u00e4sse gefahren Legende-Status &#8211; 7 P\u00e4sse gefahren<\/p>\n","protected":false},"author":6,"featured_media":0,"parent":0,"menu_order":0,"comment_status":"closed","ping_status":"closed","template":"","meta":{"_acf_changed":false,"inline_featured_image":false,"footnotes":""},"class_list":["post-6646","page","type-page","status-publish","hentry"],"acf":[],"_links":{"self":[{"href":"https:\/\/extended.alpenbrevet.ch\/fr\/wp-json\/wp\/v2\/pages\/6646","targetHints":{"allow":["GET"]}}],"collection":[{"href":"https:\/\/extended.alpenbrevet.ch\/fr\/wp-json\/wp\/v2\/pages"}],"about":[{"href":"https:\/\/extended.alpenbrevet.ch\/fr\/wp-json\/wp\/v2\/types\/page"}],"author":[{"embeddable":true,"href":"https:\/\/extended.alpenbrevet.ch\/fr\/wp-json\/wp\/v2\/users\/6"}],"replies":[{"embeddable":true,"href":"https:\/\/extended.alpenbrevet.ch\/fr\/wp-json\/wp\/v2\/comments?post=6646"}],"version-history":[{"count":1,"href":"https:\/\/extended.alpenbrevet.ch\/fr\/wp-json\/wp\/v2\/pages\/6646\/revisions"}],"predecessor-version":[{"id":6647,"href":"https:\/\/extended.alpenbrevet.ch\/fr\/wp-json\/wp\/v2\/pages\/6646\/revisions\/6647"}],"wp:attachment":[{"href":"https:\/\/extended.alpenbrevet.ch\/fr\/wp-json\/wp\/v2\/media?parent=6646"}],"curies":[{"name":"wp","href":"https:\/\/api.w.org\/{rel}","templated":true}]}}