{"id":6670,"date":"2022-08-02T14:31:27","date_gmt":"2022-08-02T12:31:27","guid":{"rendered":"https:\/\/extended.alpenbrevet.ch\/?page_id=6670"},"modified":"2025-12-12T15:48:39","modified_gmt":"2025-12-12T14:48:39","slug":"mentions-legales","status":"publish","type":"page","link":"https:\/\/extended.alpenbrevet.ch\/fr\/mentions-legales\/","title":{"rendered":"Mentions l\u00e9gales"},"content":{"rendered":"<div  class=\"page-section style-default layout-default align-default\">\n\t<div class=\"section-grid grid-layout container\"><div  style=\"--grid-layout-index: 1; --col-xs: 12; --col-sm: 12; --col-md: 12; --col-lg: 12; --col-xl: 12\" class=\"section-item layout-default layout-margin-default\"><h1>Mentions l\u00e9gales<\/h1>\n<h2>Propri\u00e9taire<\/h2>\n<p>CYCLING UNLIMITED AG<br \/>\nRotbuchstrasse 46<br \/>\n8037 Zurich<br \/>\nSuisse<\/p>\n<p>E-mail : <a href=\"mailto:info@cycling-unlimited.ch\">info@cycling-unlimited.ch<\/a><br \/>\nNum\u00e9ro de t\u00e9l\u00e9phone : <a href=\"tel:+41793802554\">+41 79 380 25 54<\/a><br \/>\nN\u00b0 TVA : CHE-108.368.912<\/p>\n\n<h2>R\u00e9alisation<\/h2>\n\n<a href=\"https:\/\/ownbit.agency\/\" target=\"_blank\" rel=\"noopener\">\n\t\t<img loading=\"lazy\" decoding=\"async\" width=\"300\" height=\"73\" src=\"https:\/\/extended.alpenbrevet.ch\/wp-content\/uploads\/ownbit-webdesign.svg\" class=\"wpce-image\" alt=\"\" data-css-locator=\"\" \/>\n<\/a>\n<p><a href=\"https:\/\/ownbit.agency\/\" target=\"_blank\" rel=\"noopener\">Conception et d\u00e9veloppement web par OWNBIT GmbH<\/a><\/p>\n\n<h3>Clause de non-responsabilit\u00e9<\/h3>\n<p>Tour de Suisse Verein d\u00e9cline toute responsabilit\u00e9 quant \u00e0 l\u2019exactitude, la pr\u00e9cision, l\u2019actualit\u00e9, la fiabilit\u00e9 et l\u2019exhaustivit\u00e9 des informations. Les pr\u00e9tentions en responsabilit\u00e9 contre Tour de Suisse Verein pour des dommages mat\u00e9riels ou immat\u00e9riels r\u00e9sultant de l\u2019acc\u00e8s, de l\u2019utilisation ou de la non-utilisation des informations publi\u00e9es, d\u2019un usage abusif de la connexion ou de dysfonctionnements techniques sont exclues. Toutes les offres sont sans engagement. L\u2019auteur se r\u00e9serve express\u00e9ment le droit de modifier, compl\u00e9ter ou supprimer des parties des pages ou l\u2019ensemble de l\u2019offre, ou d\u2019en suspendre temporairement ou d\u00e9finitivement la publication, sans pr\u00e9avis.<\/p>\n\n<h3>Responsabilit\u00e9 concernant les liens<\/h3>\n<p>Les r\u00e9f\u00e9rences et liens vers des sites Internet de tiers ne rel\u00e8vent pas de notre domaine de responsabilit\u00e9. Toute responsabilit\u00e9 pour ces sites est d\u00e9clin\u00e9e. L\u2019acc\u00e8s et l\u2019utilisation de tels sites se font aux risques et p\u00e9rils de l\u2019utilisateur.<\/p>\n<h3>Droits d\u2019auteur<\/h3>\n<p>Les droits d\u2019auteur et tous les autres droits relatifs aux contenus, images, photos ou autres fichiers pr\u00e9sents sur le site Internet appartiennent \u00e0 Tour de Suisse Verein ou aux titulaires de droits respectifs. La reproduction de tout \u00e9l\u00e9ment requiert l\u2019accord \u00e9crit pr\u00e9alable du titulaire des droits d\u2019auteur.<\/p>\n<\/div><\/div>\n<\/div>","protected":false},"excerpt":{"rendered":"<p>Mentions l\u00e9gales Propri\u00e9taire CYCLING UNLIMITED AG Rotbuchstrasse 46 8037 Zurich Suisse E-mail : info@cycling-unlimited.ch Num\u00e9ro de t\u00e9l\u00e9phone : +41 79 380 25 54 N\u00b0 TVA : CHE-108.368.912 R\u00e9alisation Conception et d\u00e9veloppement web par OWNBIT GmbH Clause de non-responsabilit\u00e9 Tour de Suisse Verein d\u00e9cline toute responsabilit\u00e9 quant \u00e0 l\u2019exactitude, la pr\u00e9cision, l\u2019actualit\u00e9, la fiabilit\u00e9 et l\u2019exhaustivit\u00e9 [&hellip;]<\/p>\n","protected":false},"author":6,"featured_media":0,"parent":0,"menu_order":0,"comment_status":"closed","ping_status":"closed","template":"","meta":{"_acf_changed":false,"inline_featured_image":false,"footnotes":""},"class_list":["post-6670","page","type-page","status-publish","hentry"],"acf":[],"_links":{"self":[{"href":"https:\/\/extended.alpenbrevet.ch\/fr\/wp-json\/wp\/v2\/pages\/6670","targetHints":{"allow":["GET"]}}],"collection":[{"href":"https:\/\/extended.alpenbrevet.ch\/fr\/wp-json\/wp\/v2\/pages"}],"about":[{"href":"https:\/\/extended.alpenbrevet.ch\/fr\/wp-json\/wp\/v2\/types\/page"}],"author":[{"embeddable":true,"href":"https:\/\/extended.alpenbrevet.ch\/fr\/wp-json\/wp\/v2\/users\/6"}],"replies":[{"embeddable":true,"href":"https:\/\/extended.alpenbrevet.ch\/fr\/wp-json\/wp\/v2\/comments?post=6670"}],"version-history":[{"count":1,"href":"https:\/\/extended.alpenbrevet.ch\/fr\/wp-json\/wp\/v2\/pages\/6670\/revisions"}],"predecessor-version":[{"id":6671,"href":"https:\/\/extended.alpenbrevet.ch\/fr\/wp-json\/wp\/v2\/pages\/6670\/revisions\/6671"}],"wp:attachment":[{"href":"https:\/\/extended.alpenbrevet.ch\/fr\/wp-json\/wp\/v2\/media?parent=6670"}],"curies":[{"name":"wp","href":"https:\/\/api.w.org\/{rel}","templated":true}]}}